{"id":4759,"date":"2020-12-22T07:08:16","date_gmt":"2020-12-22T07:08:16","guid":{"rendered":"https:\/\/asymmetric-agency.liquid-themes.com\/staging\/?page_id=4759"},"modified":"2024-07-20T11:07:03","modified_gmt":"2024-07-20T09:07:03","slug":"blog","status":"publish","type":"page","link":"https:\/\/djib-invest.com\/index.php\/blog\/","title":{"rendered":"Actualit\u00e9"},"content":{"rendered":"\t\t<div data-elementor-type=\"wp-page\" data-elementor-id=\"4759\" class=\"elementor elementor-4759\">\n\t\t\t\t\t\t<section class=\"elementor-section elementor-top-section elementor-element elementor-element-67095b8 elementor-section-boxed elementor-section-height-default elementor-section-height-default\" data-id=\"67095b8\" data-element_type=\"section\">\n\t\t\t\t\t\t<div class=\"elementor-container elementor-column-gap-default\">\n\t\t\t\t\t<div class=\"elementor-column elementor-col-100 elementor-top-column elementor-element elementor-element-5eb0980\" data-id=\"5eb0980\" data-element_type=\"column\">\n\t\t\t<div class=\"elementor-widget-wrap elementor-element-populated\">\n\t\t\t\t\t\t<div class=\"elementor-element elementor-element-36b85dd elementor-widget elementor-widget-ld_blog\" data-id=\"36b85dd\" data-element_type=\"widget\" data-widget_type=\"ld_blog.default\">\n\t\t\t\t<div class=\"elementor-widget-container\">\n\t\t\t<div class=\"lqd-lp-grid 36b85dd blog-id-57378269 \"><div class=\"lqd-lp-row row pos-rel d-flex flex-wrap\" ><div class=\"lqd-lp-column d-flex flex-column col-md-4 col-sm-6 article\"><article id=\"post-6072\" class=\"lqd-lp pos-rel lqd-lp lqd-lp-style-20 lqd-lp-hover-img-zoom text-start post-6072 post type-post status-publish format-standard has-post-thumbnail hentry category-article tag-beauty tag-travel\">\n<div class=\"lqd-lp-img pos-rel mb-3 overflow-hidden\">\n\t<figure class=\"pos-rel\"><img fetchpriority=\"high\" decoding=\"async\" width=\"700\" height=\"383\" src=\"https:\/\/djib-invest.com\/wp-content\/uploads\/2021\/06\/La-ministre-en-immersion-a-lANPI-et-au-Guichet-Unique-768x383-1-700x383.jpg\" class=\"w-100 wp-post-image\" alt=\"\" itemprop=\"image\" \/><\/figure><\/div>\n\n<div class=\"lqd-lp-meta mb-3\">\n\t<span class=\"screen-reader-text\">Tags <\/span><ul class=\"lqd-lp-cat lqd-lp-cat lqd-lp-cat-shaped lqd-lp-cat-solid reset-ul inline-nav inline-ul pos-rel z-index-3 font-weight-bold text-uppercase ltr-sp-1\"><li><a href=\"https:\/\/djib-invest.com\/index.php\/category\/article\/\" rel=\"category\" style=--color-primary:#ffffff>Article<\/a><\/li><\/ul><\/div>\n<header class=\"lqd-lp-header mb-2\">\n\t<h2 class=\"lqd-lp-title h5 m-0\">\n\t\t<a href=\"https:\/\/djib-invest.com\/index.php\/2021\/06\/02\/5-reasons-to-purchase-desktop-computers\/\">La ministre en immersion \u00e0 l\u2019ANPI et au Guichet Unique<\/a>\n\t<\/h2>\n<\/header>\n\n\t\t\t<div class=\"lqd-lp-excerpt mb-3\">\n\t\t\t\tLa Secr\u00e9taire d\u2019Etat Charg\u00e9 des Investissements et du D\u00e9veloppement du secteur priv\u00e9,&hellip;\t\t\t<\/div>\n\t\t\n<a  href=\"https:\/\/djib-invest.com\/index.php\/2021\/06\/02\/5-reasons-to-purchase-desktop-computers\/\" class=\"lqd-lp-overlay-link lqd-overlay lqd-cc-label-trigger z-index-2\" tab-index=\"-1\"><\/a>\n<\/article><\/div><div class=\"lqd-lp-column d-flex flex-column col-md-4 col-sm-6 article\"><article id=\"post-3500\" class=\"lqd-lp pos-rel lqd-lp lqd-lp-style-20 lqd-lp-hover-img-zoom text-start post-3500 post type-post status-publish format-standard has-post-thumbnail hentry category-article tag-beauty tag-travel\">\n<div class=\"lqd-lp-img pos-rel mb-3 overflow-hidden\">\n\t<figure class=\"pos-rel\"><img decoding=\"async\" width=\"700\" height=\"428\" src=\"data:image\/svg+xml;charset=utf-8,%3Csvg xmlns%3D&#039;http%3A%2F%2Fwww.w3.org%2F2000%2Fsvg&#039; viewBox%3D&#039;0 0 700 428&#039;%2F%3E\" class=\"w-100 ld-lazyload wp-post-image\" alt=\"\" itemprop=\"image\" data-src=\"https:\/\/djib-invest.com\/wp-content\/uploads\/2020\/09\/MTRA-Projet-initiative-pour-lemploi-Pour-une-meilleure-implication-des-investisseurs-prives-768x428-1-700x428.jpg\" data-aspect=\"1.6355140186916\" \/><\/figure><\/div>\n\n<div class=\"lqd-lp-meta mb-3\">\n\t<span class=\"screen-reader-text\">Tags <\/span><ul class=\"lqd-lp-cat lqd-lp-cat lqd-lp-cat-shaped lqd-lp-cat-solid reset-ul inline-nav inline-ul pos-rel z-index-3 font-weight-bold text-uppercase ltr-sp-1\"><li><a href=\"https:\/\/djib-invest.com\/index.php\/category\/article\/\" rel=\"category\" style=--color-primary:#ffffff>Article<\/a><\/li><\/ul><\/div>\n<header class=\"lqd-lp-header mb-2\">\n\t<h2 class=\"lqd-lp-title h5 m-0\">\n\t\t<a href=\"https:\/\/djib-invest.com\/index.php\/2020\/09\/24\/utilizing-mobile-technology-in-the-field\/\">MTRA-Projet-initiative pour l\u2019emploi<\/a>\n\t<\/h2>\n<\/header>\n\n\t\t\t<div class=\"lqd-lp-excerpt mb-3\">\n\t\t\t\tPour une meilleure implication des investisseurs priv\u00e9s...\t\t\t<\/div>\n\t\t\n<a  href=\"https:\/\/djib-invest.com\/index.php\/2020\/09\/24\/utilizing-mobile-technology-in-the-field\/\" class=\"lqd-lp-overlay-link lqd-overlay lqd-cc-label-trigger z-index-2\" tab-index=\"-1\"><\/a>\n<\/article><\/div><div class=\"lqd-lp-column d-flex flex-column col-md-4 col-sm-6 article\"><article id=\"post-3501\" class=\"lqd-lp pos-rel lqd-lp lqd-lp-style-20 lqd-lp-hover-img-zoom text-start post-3501 post type-post status-publish format-standard has-post-thumbnail hentry category-article tag-spain tag-travel\">\n<div class=\"lqd-lp-img pos-rel mb-3 overflow-hidden\">\n\t<figure class=\"pos-rel\"><img decoding=\"async\" width=\"700\" height=\"380\" src=\"data:image\/svg+xml;charset=utf-8,%3Csvg xmlns%3D&#039;http%3A%2F%2Fwww.w3.org%2F2000%2Fsvg&#039; viewBox%3D&#039;0 0 700 380&#039;%2F%3E\" class=\"w-100 ld-lazyload wp-post-image\" alt=\"\" itemprop=\"image\" data-src=\"https:\/\/djib-invest.com\/wp-content\/uploads\/2020\/09\/En-vue-de-la-coordination-de-laction-du-ministere-du-Budget-avec-lANPI-et-lAPZFD-768x380-1-700x380.jpg\" data-aspect=\"1.8421052631579\" \/><\/figure><\/div>\n\n<div class=\"lqd-lp-meta mb-3\">\n\t<span class=\"screen-reader-text\">Tags <\/span><ul class=\"lqd-lp-cat lqd-lp-cat lqd-lp-cat-shaped lqd-lp-cat-solid reset-ul inline-nav inline-ul pos-rel z-index-3 font-weight-bold text-uppercase ltr-sp-1\"><li><a href=\"https:\/\/djib-invest.com\/index.php\/category\/article\/\" rel=\"category\" style=--color-primary:#ffffff>Article<\/a><\/li><\/ul><\/div>\n<header class=\"lqd-lp-header mb-2\">\n\t<h2 class=\"lqd-lp-title h5 m-0\">\n\t\t<a href=\"https:\/\/djib-invest.com\/index.php\/2020\/09\/23\/success-story-businessman-in-harlem\/\">En vue de la coordination de l\u2019action du minist\u00e8re du Budget avec l\u2019ANPI et l\u2019APZFD<\/a>\n\t<\/h2>\n<\/header>\n\n\t\t\t<div class=\"lqd-lp-excerpt mb-3\">\n\t\t\t\tLe ministre du Budget, Abdoulkarim Aden Cher, a pr\u00e9sid\u00e9 jeudi dernier dans&hellip;\t\t\t<\/div>\n\t\t\n<a  href=\"https:\/\/djib-invest.com\/index.php\/2020\/09\/23\/success-story-businessman-in-harlem\/\" class=\"lqd-lp-overlay-link lqd-overlay lqd-cc-label-trigger z-index-2\" tab-index=\"-1\"><\/a>\n<\/article><\/div><\/div><!--\/ .row --><\/div><!--\/ .lqd-lp-grid -->\t\t<\/div>\n\t\t\t\t<\/div>\n\t\t\t\t\t<\/div>\n\t\t<\/div>\n\t\t\t\t\t<\/div>\n\t\t<\/section>\n\t\t\t\t<\/div>\n\t\t","protected":false},"excerpt":{"rendered":"<p>Tags Article La ministre en immersion \u00e0 l\u2019ANPI et au Guichet Unique<\/p>\n","protected":false},"author":1,"featured_media":0,"parent":0,"menu_order":0,"comment_status":"closed","ping_status":"closed","template":"","meta":{"footnotes":""},"yoast_head":"<!-- This site is optimized with the Yoast SEO plugin v23.0 - https:\/\/yoast.com\/wordpress\/plugins\/seo\/ -->\n<title>Actualit\u00e9 - ANPI<\/title>\n<meta name=\"description\" content=\"Suivez les actualit\u00e9s de l&#039;Agence Nationale de Promotions des Investissements \u00e0 Djibouti.\" \/>\n<meta name=\"robots\" content=\"index, follow, max-snippet:-1, max-image-preview:large, max-video-preview:-1\" \/>\n<link rel=\"canonical\" href=\"https:\/\/djib-invest.com\/index.php\/blog\/\" \/>\n<meta property=\"og:locale\" content=\"en_US\" \/>\n<meta property=\"og:type\" content=\"article\" \/>\n<meta property=\"og:title\" content=\"Actualit\u00e9 - ANPI\" \/>\n<meta property=\"og:description\" content=\"Suivez les actualit\u00e9s de l&#039;Agence Nationale de Promotions des Investissements \u00e0 Djibouti.\" \/>\n<meta property=\"og:url\" content=\"https:\/\/djib-invest.com\/index.php\/blog\/\" \/>\n<meta property=\"og:site_name\" content=\"ANPI\" \/>\n<meta property=\"article:publisher\" content=\"https:\/\/www.facebook.com\/anpidj?mibextid=ZbWKwL\" \/>\n<meta property=\"article:modified_time\" content=\"2024-07-20T09:07:03+00:00\" \/>\n<meta property=\"og:image\" content=\"https:\/\/anpi.craftnovasolutions.com\/wp-content\/uploads\/2021\/06\/La-ministre-en-immersion-a-lANPI-et-au-Guichet-Unique-768x383-1-700x383.jpg\" \/>\n<meta name=\"twitter:card\" content=\"summary_large_image\" \/>\n<meta name=\"twitter:site\" content=\"@doingbusinessdj\" \/>\n<meta name=\"twitter:label1\" content=\"Est. reading time\" \/>\n\t<meta name=\"twitter:data1\" content=\"1 minute\" \/>\n<script type=\"application\/ld+json\" class=\"yoast-schema-graph\">{\"@context\":\"https:\/\/schema.org\",\"@graph\":[{\"@type\":\"WebPage\",\"@id\":\"https:\/\/djib-invest.com\/index.php\/blog\/\",\"url\":\"https:\/\/djib-invest.com\/index.php\/blog\/\",\"name\":\"Actualit\u00e9 - ANPI\",\"isPartOf\":{\"@id\":\"https:\/\/djib-invest.com\/#website\"},\"primaryImageOfPage\":{\"@id\":\"https:\/\/djib-invest.com\/index.php\/blog\/#primaryimage\"},\"image\":{\"@id\":\"https:\/\/djib-invest.com\/index.php\/blog\/#primaryimage\"},\"thumbnailUrl\":\"https:\/\/anpi.craftnovasolutions.com\/wp-content\/uploads\/2021\/06\/La-ministre-en-immersion-a-lANPI-et-au-Guichet-Unique-768x383-1-700x383.jpg\",\"datePublished\":\"2020-12-22T07:08:16+00:00\",\"dateModified\":\"2024-07-20T09:07:03+00:00\",\"description\":\"Suivez les actualit\u00e9s de l'Agence Nationale de Promotions des Investissements \u00e0 Djibouti.\",\"breadcrumb\":{\"@id\":\"https:\/\/djib-invest.com\/index.php\/blog\/#breadcrumb\"},\"inLanguage\":\"en-US\",\"potentialAction\":[{\"@type\":\"ReadAction\",\"target\":[\"https:\/\/djib-invest.com\/index.php\/blog\/\"]}]},{\"@type\":\"ImageObject\",\"inLanguage\":\"en-US\",\"@id\":\"https:\/\/djib-invest.com\/index.php\/blog\/#primaryimage\",\"url\":\"https:\/\/anpi.craftnovasolutions.com\/wp-content\/uploads\/2021\/06\/La-ministre-en-immersion-a-lANPI-et-au-Guichet-Unique-768x383-1-700x383.jpg\",\"contentUrl\":\"https:\/\/anpi.craftnovasolutions.com\/wp-content\/uploads\/2021\/06\/La-ministre-en-immersion-a-lANPI-et-au-Guichet-Unique-768x383-1-700x383.jpg\"},{\"@type\":\"BreadcrumbList\",\"@id\":\"https:\/\/djib-invest.com\/index.php\/blog\/#breadcrumb\",\"itemListElement\":[{\"@type\":\"ListItem\",\"position\":1,\"name\":\"Home\",\"item\":\"https:\/\/djib-invest.com\/\"},{\"@type\":\"ListItem\",\"position\":2,\"name\":\"Actualit\u00e9\"}]},{\"@type\":\"WebSite\",\"@id\":\"https:\/\/djib-invest.com\/#website\",\"url\":\"https:\/\/djib-invest.com\/\",\"name\":\"ANPI\",\"description\":\"\",\"publisher\":{\"@id\":\"https:\/\/djib-invest.com\/#organization\"},\"potentialAction\":[{\"@type\":\"SearchAction\",\"target\":{\"@type\":\"EntryPoint\",\"urlTemplate\":\"https:\/\/djib-invest.com\/?s={search_term_string}\"},\"query-input\":\"required name=search_term_string\"}],\"inLanguage\":\"en-US\"},{\"@type\":\"Organization\",\"@id\":\"https:\/\/djib-invest.com\/#organization\",\"name\":\"Agence Nationale de Promotion des Investissements\",\"url\":\"https:\/\/djib-invest.com\/\",\"logo\":{\"@type\":\"ImageObject\",\"inLanguage\":\"en-US\",\"@id\":\"https:\/\/djib-invest.com\/#\/schema\/logo\/image\/\",\"url\":\"https:\/\/anpi.craftnovasolutions.com\/wp-content\/uploads\/2024\/03\/anpi.png\",\"contentUrl\":\"https:\/\/anpi.craftnovasolutions.com\/wp-content\/uploads\/2024\/03\/anpi.png\",\"width\":170,\"height\":160,\"caption\":\"Agence Nationale de Promotion des Investissements\"},\"image\":{\"@id\":\"https:\/\/djib-invest.com\/#\/schema\/logo\/image\/\"},\"sameAs\":[\"https:\/\/www.facebook.com\/anpidj?mibextid=ZbWKwL\",\"https:\/\/x.com\/doingbusinessdj\"]}]}<\/script>\n<!-- \/ Yoast SEO plugin. -->","yoast_head_json":{"title":"Actualit\u00e9 - ANPI","description":"Suivez les actualit\u00e9s de l'Agence Nationale de Promotions des Investissements \u00e0 Djibouti.","robots":{"index":"index","follow":"follow","max-snippet":"max-snippet:-1","max-image-preview":"max-image-preview:large","max-video-preview":"max-video-preview:-1"},"canonical":"https:\/\/djib-invest.com\/index.php\/blog\/","og_locale":"en_US","og_type":"article","og_title":"Actualit\u00e9 - ANPI","og_description":"Suivez les actualit\u00e9s de l'Agence Nationale de Promotions des Investissements \u00e0 Djibouti.","og_url":"https:\/\/djib-invest.com\/index.php\/blog\/","og_site_name":"ANPI","article_publisher":"https:\/\/www.facebook.com\/anpidj?mibextid=ZbWKwL","article_modified_time":"2024-07-20T09:07:03+00:00","og_image":[{"url":"https:\/\/anpi.craftnovasolutions.com\/wp-content\/uploads\/2021\/06\/La-ministre-en-immersion-a-lANPI-et-au-Guichet-Unique-768x383-1-700x383.jpg"}],"twitter_card":"summary_large_image","twitter_site":"@doingbusinessdj","twitter_misc":{"Est. reading time":"1 minute"},"schema":{"@context":"https:\/\/schema.org","@graph":[{"@type":"WebPage","@id":"https:\/\/djib-invest.com\/index.php\/blog\/","url":"https:\/\/djib-invest.com\/index.php\/blog\/","name":"Actualit\u00e9 - ANPI","isPartOf":{"@id":"https:\/\/djib-invest.com\/#website"},"primaryImageOfPage":{"@id":"https:\/\/djib-invest.com\/index.php\/blog\/#primaryimage"},"image":{"@id":"https:\/\/djib-invest.com\/index.php\/blog\/#primaryimage"},"thumbnailUrl":"https:\/\/anpi.craftnovasolutions.com\/wp-content\/uploads\/2021\/06\/La-ministre-en-immersion-a-lANPI-et-au-Guichet-Unique-768x383-1-700x383.jpg","datePublished":"2020-12-22T07:08:16+00:00","dateModified":"2024-07-20T09:07:03+00:00","description":"Suivez les actualit\u00e9s de l'Agence Nationale de Promotions des Investissements \u00e0 Djibouti.","breadcrumb":{"@id":"https:\/\/djib-invest.com\/index.php\/blog\/#breadcrumb"},"inLanguage":"en-US","potentialAction":[{"@type":"ReadAction","target":["https:\/\/djib-invest.com\/index.php\/blog\/"]}]},{"@type":"ImageObject","inLanguage":"en-US","@id":"https:\/\/djib-invest.com\/index.php\/blog\/#primaryimage","url":"https:\/\/anpi.craftnovasolutions.com\/wp-content\/uploads\/2021\/06\/La-ministre-en-immersion-a-lANPI-et-au-Guichet-Unique-768x383-1-700x383.jpg","contentUrl":"https:\/\/anpi.craftnovasolutions.com\/wp-content\/uploads\/2021\/06\/La-ministre-en-immersion-a-lANPI-et-au-Guichet-Unique-768x383-1-700x383.jpg"},{"@type":"BreadcrumbList","@id":"https:\/\/djib-invest.com\/index.php\/blog\/#breadcrumb","itemListElement":[{"@type":"ListItem","position":1,"name":"Home","item":"https:\/\/djib-invest.com\/"},{"@type":"ListItem","position":2,"name":"Actualit\u00e9"}]},{"@type":"WebSite","@id":"https:\/\/djib-invest.com\/#website","url":"https:\/\/djib-invest.com\/","name":"ANPI","description":"","publisher":{"@id":"https:\/\/djib-invest.com\/#organization"},"potentialAction":[{"@type":"SearchAction","target":{"@type":"EntryPoint","urlTemplate":"https:\/\/djib-invest.com\/?s={search_term_string}"},"query-input":"required name=search_term_string"}],"inLanguage":"en-US"},{"@type":"Organization","@id":"https:\/\/djib-invest.com\/#organization","name":"Agence Nationale de Promotion des Investissements","url":"https:\/\/djib-invest.com\/","logo":{"@type":"ImageObject","inLanguage":"en-US","@id":"https:\/\/djib-invest.com\/#\/schema\/logo\/image\/","url":"https:\/\/anpi.craftnovasolutions.com\/wp-content\/uploads\/2024\/03\/anpi.png","contentUrl":"https:\/\/anpi.craftnovasolutions.com\/wp-content\/uploads\/2024\/03\/anpi.png","width":170,"height":160,"caption":"Agence Nationale de Promotion des Investissements"},"image":{"@id":"https:\/\/djib-invest.com\/#\/schema\/logo\/image\/"},"sameAs":["https:\/\/www.facebook.com\/anpidj?mibextid=ZbWKwL","https:\/\/x.com\/doingbusinessdj"]}]}},"_links":{"self":[{"href":"https:\/\/djib-invest.com\/index.php\/wp-json\/wp\/v2\/pages\/4759"}],"collection":[{"href":"https:\/\/djib-invest.com\/index.php\/wp-json\/wp\/v2\/pages"}],"about":[{"href":"https:\/\/djib-invest.com\/index.php\/wp-json\/wp\/v2\/types\/page"}],"author":[{"embeddable":true,"href":"https:\/\/djib-invest.com\/index.php\/wp-json\/wp\/v2\/users\/1"}],"replies":[{"embeddable":true,"href":"https:\/\/djib-invest.com\/index.php\/wp-json\/wp\/v2\/comments?post=4759"}],"version-history":[{"count":24,"href":"https:\/\/djib-invest.com\/index.php\/wp-json\/wp\/v2\/pages\/4759\/revisions"}],"predecessor-version":[{"id":7916,"href":"https:\/\/djib-invest.com\/index.php\/wp-json\/wp\/v2\/pages\/4759\/revisions\/7916"}],"wp:attachment":[{"href":"https:\/\/djib-invest.com\/index.php\/wp-json\/wp\/v2\/media?parent=4759"}],"curies":[{"name":"wp","href":"https:\/\/api.w.org\/{rel}","templated":true}]}}