{"id":8534,"date":"2024-06-05T13:46:52","date_gmt":"2024-06-05T11:46:52","guid":{"rendered":"https:\/\/anpi.craftnovasolutions.com\/?page_id=8534"},"modified":"2024-08-17T11:59:21","modified_gmt":"2024-08-17T09:59:21","slug":"transport","status":"publish","type":"page","link":"https:\/\/djib-invest.com\/index.php\/transport\/","title":{"rendered":"Transport"},"content":{"rendered":"\t\t<div data-elementor-type=\"wp-page\" data-elementor-id=\"8534\" class=\"elementor elementor-8534\">\n\t\t\t\t\t\t<section class=\"elementor-section elementor-top-section elementor-element elementor-element-36f6ecb elementor-section-boxed elementor-section-height-default elementor-section-height-default\" data-id=\"36f6ecb\" data-element_type=\"section\" data-settings=\"{&quot;background_background&quot;:&quot;classic&quot;}\">\n\t\t\t\t\t\t<div class=\"elementor-container elementor-column-gap-default\">\n\t\t\t\t\t<div data-custom-animations=\"true\" data-ca-options=\"{&quot;addChildTimelines&quot;:false,&quot;animationTarget&quot;:&quot;:scope &gt; .elementor-widget-wrap &gt; .elementor-element &gt; .elementor-widget-container, :scope &gt; .elementor-widget-wrap &gt; .elementor-section &gt; .elementor-container &gt; .elementor-column &gt; .elementor-widget-wrap &gt; .elementor-element:not(.lqd-el-has-inner-anim) &gt; .elementor-widget-container, :scope &gt; .elementor-widget-wrap &gt; .elementor-widget-hub_fancy_heading .lqd-split-lines .lqd-lines .split-inner, :scope &gt; .elementor-widget-wrap &gt; .elementor-widget-hub_fancy_heading .lqd-split-words .lqd-words .split-inner, :scope &gt; .elementor-widget-wrap &gt; .elementor-widget-hub_fancy_heading .lqd-split-chars .lqd-chars .split-inner, :scope &gt; .elementor-widget-wrap &gt; .elementor-widget-ld_custom_menu .lqd-fancy-menu &gt; ul &gt; li&quot;,&quot;delay&quot;:80,&quot;ease&quot;:[&quot;power4.out&quot;],&quot;initValues&quot;:{&quot;opacity&quot;:0},&quot;animations&quot;:{&quot;opacity&quot;:1}}\" class=\"elementor-column elementor-col-100 elementor-top-column elementor-element elementor-element-11409bdd\" data-id=\"11409bdd\" data-element_type=\"column\">\n\t\t\t<div class=\"elementor-widget-wrap elementor-element-populated\">\n\t\t\t\t\t\t<div class=\"elementor-element elementor-element-3df0500d elementor-widget elementor-widget-hub_fancy_heading lqd-el-has-inner-anim\" data-id=\"3df0500d\" data-element_type=\"widget\" data-settings=\"{&quot;enable_split&quot;:&quot;true&quot;,&quot;split_type&quot;:&quot;chars, words&quot;}\" data-widget_type=\"hub_fancy_heading.default\">\n\t\t\t\t<div class=\"elementor-widget-container\">\n\t\t\t\n\t\t<div id=\"ld-fancy-heading-69fa1c561d135\" class=\"ld-fancy-heading pos-rel\">\n\t\t\t<h1 class=\"ld-fh-element d-inline-block pos-rel  elementor-heading-title lqd-highlight-classic lqd-highlight-grow-left lqd-split-chars h1\"  data-split-text=\"true\" data-split-options='{\"type\":\"chars, words\"}'> Transport<\/h1>\t\t<\/div>\n\n\t\t\t\t<\/div>\n\t\t\t\t<\/div>\n\t\t\t\t\t<\/div>\n\t\t<\/div>\n\t\t\t\t\t<\/div>\n\t\t<\/section>\n\t\t\t\t<section class=\"elementor-section elementor-top-section elementor-element elementor-element-68d528a elementor-section-boxed elementor-section-height-default elementor-section-height-default\" data-id=\"68d528a\" data-element_type=\"section\" data-settings=\"{&quot;background_background&quot;:&quot;classic&quot;}\">\n\t\t\t\t\t\t<div class=\"elementor-container elementor-column-gap-default\">\n\t\t\t\t\t<div data-custom-animations=\"true\" data-ca-options=\"{&quot;addChildTimelines&quot;:false,&quot;animationTarget&quot;:&quot;:scope &gt; .elementor-widget-wrap &gt; .elementor-element &gt; .elementor-widget-container, :scope &gt; .elementor-widget-wrap &gt; .elementor-section &gt; .elementor-container &gt; .elementor-column &gt; .elementor-widget-wrap &gt; .elementor-element:not(.lqd-el-has-inner-anim) &gt; .elementor-widget-container, :scope &gt; .elementor-widget-wrap &gt; .elementor-widget-hub_fancy_heading .lqd-split-lines .lqd-lines .split-inner, :scope &gt; .elementor-widget-wrap &gt; .elementor-widget-hub_fancy_heading .lqd-split-words .lqd-words .split-inner, :scope &gt; .elementor-widget-wrap &gt; .elementor-widget-hub_fancy_heading .lqd-split-chars .lqd-chars .split-inner, :scope &gt; .elementor-widget-wrap &gt; .elementor-widget-ld_custom_menu .lqd-fancy-menu &gt; ul &gt; li&quot;,&quot;ease&quot;:[&quot;power4.out&quot;],&quot;initValues&quot;:{&quot;x&quot;:&quot;-134px&quot;},&quot;animations&quot;:{&quot;x&quot;:&quot;0px&quot;}}\" class=\"elementor-column elementor-col-50 elementor-top-column elementor-element elementor-element-b2b087a\" data-id=\"b2b087a\" data-element_type=\"column\">\n\t\t\t<div class=\"elementor-widget-wrap elementor-element-populated\">\n\t\t\t\t\t\t<div class=\"elementor-element elementor-element-369cc3d elementor-widget elementor-widget-ld_draw_shape\" data-id=\"369cc3d\" data-element_type=\"widget\" data-widget_type=\"ld_draw_shape.default\">\n\t\t\t\t<div class=\"elementor-widget-container\">\n\t\t\t\n\t\t<figure id=\"lqd-draw-shape-369cc3d\" class=\"lqd-draw-shape\" data-lqd-draw-shape=\"true\" data-draw-shape-options=\"{&quot;drawSVG&quot;:&quot;0% 0%&quot;,&quot;stagger&quot;:0,&quot;start&quot;:&quot;top bottom&quot;,&quot;end&quot;:&quot;center center&quot;,&quot;scrub&quot;:true,&quot;ease&quot;:[&quot;linear&quot;]}\">\n\t\t\t<svg xmlns=\"http:\/\/www.w3.org\/2000\/svg\" width=\"90.871\" height=\"65.926\" viewBox=\"0 0 90.871 65.926\"><path d=\"M62.224,89a1.851,1.851,0,1,1,1.851,1.867A1.859,1.859,0,0,1,62.224,89ZM49.709,89a1.851,1.851,0,1,1,1.851,1.867A1.859,1.859,0,0,1,49.709,89ZM37.37,89a1.851,1.851,0,1,1,1.851,1.867A1.859,1.859,0,0,1,37.37,89ZM24.854,89a1.851,1.851,0,1,1,1.851,1.867A1.859,1.859,0,0,1,24.854,89ZM12.515,89a1.851,1.851,0,1,1,1.851,1.867A1.859,1.859,0,0,1,12.515,89ZM0,89a1.851,1.851,0,1,1,1.851,1.867A1.858,1.858,0,0,1,0,89ZM62.224,76.555a1.851,1.851,0,1,1,1.851,1.867A1.859,1.859,0,0,1,62.224,76.555Zm-12.515,0a1.851,1.851,0,1,1,1.851,1.867A1.859,1.859,0,0,1,49.709,76.555Zm-12.339,0a1.851,1.851,0,1,1,1.851,1.867A1.859,1.859,0,0,1,37.37,76.555Zm-12.515,0a1.851,1.851,0,1,1,1.851,1.867A1.859,1.859,0,0,1,24.854,76.555Zm-12.339,0a1.851,1.851,0,1,1,1.851,1.867A1.859,1.859,0,0,1,12.515,76.555ZM0,76.555a1.851,1.851,0,1,1,1.851,1.867A1.858,1.858,0,0,1,0,76.555ZM62.224,64.107a1.851,1.851,0,1,1,1.851,1.867A1.859,1.859,0,0,1,62.224,64.107Zm-12.515,0a1.851,1.851,0,1,1,1.851,1.867A1.859,1.859,0,0,1,49.709,64.107Zm-12.339,0a1.851,1.851,0,1,1,1.851,1.867A1.859,1.859,0,0,1,37.37,64.107Zm-12.515,0a1.851,1.851,0,1,1,1.851,1.867A1.859,1.859,0,0,1,24.854,64.107Zm-12.339,0a1.851,1.851,0,1,1,1.851,1.867A1.859,1.859,0,0,1,12.515,64.107ZM0,64.107a1.851,1.851,0,1,1,1.851,1.867A1.858,1.858,0,0,1,0,64.107ZM62.224,51.659a1.851,1.851,0,1,1,1.851,1.867A1.86,1.86,0,0,1,62.224,51.659Zm-12.515,0a1.851,1.851,0,1,1,1.851,1.867A1.86,1.86,0,0,1,49.709,51.659Zm-12.339,0a1.851,1.851,0,1,1,1.851,1.867A1.86,1.86,0,0,1,37.37,51.659Zm-12.515,0a1.851,1.851,0,1,1,1.851,1.867A1.86,1.86,0,0,1,24.854,51.659Zm-12.339,0a1.851,1.851,0,1,1,1.851,1.867A1.86,1.86,0,0,1,12.515,51.659ZM0,51.659a1.851,1.851,0,1,1,1.851,1.867A1.859,1.859,0,0,1,0,51.659ZM62.224,39.211a1.851,1.851,0,1,1,1.851,1.867A1.86,1.86,0,0,1,62.224,39.211Zm-12.515,0a1.851,1.851,0,1,1,1.851,1.867A1.86,1.86,0,0,1,49.709,39.211Zm-12.339,0a1.851,1.851,0,1,1,1.851,1.867A1.86,1.86,0,0,1,37.37,39.211Zm-12.515,0a1.851,1.851,0,1,1,1.851,1.867A1.86,1.86,0,0,1,24.854,39.211Zm-12.339,0a1.851,1.851,0,1,1,1.851,1.867A1.86,1.86,0,0,1,12.515,39.211ZM0,39.211a1.851,1.851,0,1,1,1.851,1.867A1.859,1.859,0,0,1,0,39.211ZM62.224,26.763a1.851,1.851,0,1,1,1.851,1.867A1.86,1.86,0,0,1,62.224,26.763Zm-12.515,0a1.851,1.851,0,1,1,1.851,1.867A1.86,1.86,0,0,1,49.709,26.763Zm-12.339,0a1.851,1.851,0,1,1,1.851,1.867A1.86,1.86,0,0,1,37.37,26.763Zm-12.515,0a1.851,1.851,0,1,1,1.851,1.867A1.86,1.86,0,0,1,24.854,26.763Zm-12.339,0a1.851,1.851,0,1,1,1.851,1.867A1.86,1.86,0,0,1,12.515,26.763ZM0,26.763a1.851,1.851,0,1,1,1.851,1.867A1.859,1.859,0,0,1,0,26.763ZM62.224,14.315a1.851,1.851,0,1,1,1.851,1.867A1.86,1.86,0,0,1,62.224,14.315Zm-12.515,0a1.851,1.851,0,1,1,1.851,1.867A1.86,1.86,0,0,1,49.709,14.315Zm-12.339,0a1.851,1.851,0,1,1,1.851,1.867A1.86,1.86,0,0,1,37.37,14.315Zm-12.515,0a1.851,1.851,0,1,1,1.851,1.867A1.86,1.86,0,0,1,24.854,14.315Zm-12.339,0a1.851,1.851,0,1,1,1.851,1.867A1.86,1.86,0,0,1,12.515,14.315ZM0,14.315a1.851,1.851,0,1,1,1.851,1.867A1.859,1.859,0,0,1,0,14.315ZM62.224,1.867a1.851,1.851,0,1,1,1.851,1.867A1.86,1.86,0,0,1,62.224,1.867Zm-12.515,0A1.851,1.851,0,1,1,51.56,3.735,1.86,1.86,0,0,1,49.709,1.867Zm-12.339,0a1.851,1.851,0,1,1,1.851,1.867A1.86,1.86,0,0,1,37.37,1.867Zm-12.515,0a1.851,1.851,0,1,1,1.851,1.867A1.86,1.86,0,0,1,24.854,1.867Zm-12.339,0a1.851,1.851,0,1,1,1.851,1.867A1.86,1.86,0,0,1,12.515,1.867ZM0,1.867A1.851,1.851,0,1,1,1.851,3.735,1.859,1.859,0,0,1,0,1.867Z\" transform=\"translate(90.871) rotate(90)\" fill=\"#ff9695\"><\/path><\/svg>\t\t<\/figure>\n\n\t\t\t\t<\/div>\n\t\t\t\t<\/div>\n\t\t\t\t<div class=\"elementor-element elementor-element-2c64475 elementor-widget elementor-widget-hub_fancy_heading\" data-id=\"2c64475\" data-element_type=\"widget\" data-widget_type=\"hub_fancy_heading.default\">\n\t\t\t\t<div class=\"elementor-widget-container\">\n\t\t\t\n\t\t<div id=\"ld-fancy-heading-69fa1c561e81a\" class=\"ld-fancy-heading pos-rel\">\n\t\t\t<h2 class=\"ld-fh-element d-inline-block pos-rel  elementor-heading-title lqd-highlight-classic lqd-highlight-grow-left h2\"  > Taxis et location de voitures \u00e0 Djibouti<\/h2>\t\t<\/div>\n\n\t\t\t\t<\/div>\n\t\t\t\t<\/div>\n\t\t\t\t\t<\/div>\n\t\t<\/div>\n\t\t\t\t<div data-custom-animations=\"true\" data-ca-options=\"{&quot;addChildTimelines&quot;:false,&quot;animationTarget&quot;:&quot;:scope &gt; .elementor-widget-wrap &gt; .elementor-element &gt; .elementor-widget-container, :scope &gt; .elementor-widget-wrap &gt; .elementor-section &gt; .elementor-container &gt; .elementor-column &gt; .elementor-widget-wrap &gt; .elementor-element:not(.lqd-el-has-inner-anim) &gt; .elementor-widget-container, :scope &gt; .elementor-widget-wrap &gt; .elementor-widget-hub_fancy_heading .lqd-split-lines .lqd-lines .split-inner, :scope &gt; .elementor-widget-wrap &gt; .elementor-widget-hub_fancy_heading .lqd-split-words .lqd-words .split-inner, :scope &gt; .elementor-widget-wrap &gt; .elementor-widget-hub_fancy_heading .lqd-split-chars .lqd-chars .split-inner, :scope &gt; .elementor-widget-wrap &gt; .elementor-widget-ld_custom_menu .lqd-fancy-menu &gt; ul &gt; li&quot;,&quot;ease&quot;:[&quot;power4.out&quot;],&quot;initValues&quot;:{&quot;x&quot;:&quot;143px&quot;},&quot;animations&quot;:{&quot;x&quot;:&quot;0px&quot;}}\" class=\"elementor-column elementor-col-50 elementor-top-column elementor-element elementor-element-2b377e6\" data-id=\"2b377e6\" data-element_type=\"column\">\n\t\t\t<div class=\"elementor-widget-wrap elementor-element-populated\">\n\t\t\t\t\t\t<div class=\"elementor-element elementor-element-f6e0c7e elementor-widget elementor-widget-hub_fancy_heading\" data-id=\"f6e0c7e\" data-element_type=\"widget\" data-widget_type=\"hub_fancy_heading.default\">\n\t\t\t\t<div class=\"elementor-widget-container\">\n\t\t\t\n\t\t<div id=\"ld-fancy-heading-69fa1c561eefe\" class=\"ld-fancy-heading pos-rel\">\n\t\t\t<p class=\"ld-fh-element d-inline-block pos-rel  lqd-highlight-classic lqd-highlight-grow-left p\"  > <br>\n<mark style=\"background-color: #c4ffe2\">Les taxis verts<\/mark> sont nombreux dans les grandes villes, notamment \u00e0\nDjibouti-ville, Dikhile, Ali-Sabieh, Arta et Doral\u00e9. Ils sont surtout utilis\u00e9s\npour le transport entre l'a\u00e9roport et le centre-ville, ainsi que pour les visites\ntouristiques. M\u00e9fiez-vous des chauffeurs qui m\u00e2chent du khat. Bien qu'il ne\ns'agisse pas d'un stup\u00e9fiant, c'est un stimulant qui procure une \u00e9nergie\nexcessive et vous pouvez y r\u00e9fl\u00e9chir \u00e0 deux fois avant de vivre l'aventure la\nplus rapide de votre vie. Les tarifs des taxis varient en fonction de la\ndistance parcourue, et les prix augmentent d'au moins 50 % apr\u00e8s la\ntomb\u00e9e de la nuit. Un grand panneau d'affichage des prix moyens se trouve\n\u00e0 l'ext\u00e9rieur de l'a\u00e9roport. Il vous aidera \u00e0 \u00e9valuer les tarifs et vous \u00e9vitera\nde vous faire arnaquer.<\/p>\t\t<\/div>\n\n\t\t\t\t<\/div>\n\t\t\t\t<\/div>\n\t\t\t\t\t<\/div>\n\t\t<\/div>\n\t\t\t\t\t<\/div>\n\t\t<\/section>\n\t\t\t\t<section data-custom-animations=\"true\" data-ca-options=\"{&quot;addChildTimelines&quot;:false,&quot;animationTarget&quot;:&quot;:scope &gt; .elementor-container &gt; .elementor-column&quot;,&quot;ease&quot;:[&quot;power4.out&quot;],&quot;initValues&quot;:{&quot;y&quot;:&quot;200px&quot;},&quot;animations&quot;:{&quot;y&quot;:&quot;0px&quot;}}\" class=\"elementor-section elementor-top-section elementor-element elementor-element-6d97cf7 elementor-section-content-middle elementor-section-boxed elementor-section-height-default elementor-section-height-default\" data-id=\"6d97cf7\" data-element_type=\"section\">\n\t\t\t\t\t\t<div class=\"elementor-container elementor-column-gap-default\">\n\t\t\t\t\t<div class=\"elementor-column elementor-col-50 elementor-top-column elementor-element elementor-element-b8b0e02\" data-id=\"b8b0e02\" data-element_type=\"column\">\n\t\t\t<div class=\"elementor-widget-wrap elementor-element-populated\">\n\t\t\t\t\t\t<div class=\"elementor-element elementor-element-66dcf56 elementor-absolute elementor-widget elementor-widget-hub_fancy_heading\" data-id=\"66dcf56\" data-element_type=\"widget\" data-settings=\"{&quot;_position&quot;:&quot;absolute&quot;}\" data-widget_type=\"hub_fancy_heading.default\">\n\t\t\t\t<div class=\"elementor-widget-container\">\n\t\t\t\n\t\t<div id=\"ld-fancy-heading-69fa1c561f8dc\" class=\"ld-fancy-heading pos-rel\">\n\t\t\t<h6 class=\"ld-fh-element d-inline-block pos-rel  elementor-heading-title lqd-highlight-classic lqd-highlight-grow-left text-vertical h6\"  > Transport   -   Djibouti<\/h6>\t\t<\/div>\n\n\t\t\t\t<\/div>\n\t\t\t\t<\/div>\n\t\t\t\t<div class=\"elementor-element elementor-element-2890de3 elementor-widget elementor-widget-hub_fancy_heading\" data-id=\"2890de3\" data-element_type=\"widget\" data-widget_type=\"hub_fancy_heading.default\">\n\t\t\t\t<div class=\"elementor-widget-container\">\n\t\t\t\n\t\t<div id=\"ld-fancy-heading-69fa1c561fd1a\" class=\"ld-fancy-heading pos-rel\">\n\t\t\t<h2 class=\"ld-fh-element d-inline-block pos-rel  elementor-heading-title lqd-highlight-classic lqd-highlight-grow-left h2\"  > Transport maritime<\/h2>\t\t<\/div>\n\n\t\t\t\t<\/div>\n\t\t\t\t<\/div>\n\t\t\t\t<div class=\"elementor-element elementor-element-ea1b110 elementor-widget__width-initial elementor-widget-tablet__width-initial elementor-widget elementor-widget-text-editor\" data-id=\"ea1b110\" data-element_type=\"widget\" data-widget_type=\"text-editor.default\">\n\t\t\t\t<div class=\"elementor-widget-container\">\n\t\t\t<style>\/*! elementor - v3.20.0 - 11-03-2024 *\/\n.elementor-widget-text-editor.elementor-drop-cap-view-stacked .elementor-drop-cap{background-color:#69727d;color:#fff}.elementor-widget-text-editor.elementor-drop-cap-view-framed .elementor-drop-cap{color:#69727d;border:3px solid;background-color:transparent}.elementor-widget-text-editor:not(.elementor-drop-cap-view-default) .elementor-drop-cap{margin-top:8px}.elementor-widget-text-editor:not(.elementor-drop-cap-view-default) .elementor-drop-cap-letter{width:1em;height:1em}.elementor-widget-text-editor .elementor-drop-cap{float:left;text-align:center;line-height:1;font-size:50px}.elementor-widget-text-editor .elementor-drop-cap-letter{display:inline-block}<\/style>\t\t\t\t<p>Des <b>services quotidiens de ferry<\/b> sont <b>disponibles<\/b> \u00e0 destination et en provenance des villes <b>d&#8217;Obock<\/b>, de <b>Tadjoura<\/b> et de <b>Djibouti<\/b> City. Le <b>voyage<\/b> peut durer jusqu&#8217;\u00e0 <b>trois heures<\/b>, mais les transferts en bateau du port de Djibouti vers <b>les \u00eeles Moucha<\/b>, situ\u00e9es \u00e0 proximit\u00e9, ne prennent que<b> 30 \u00e0 45 minutes<\/b>. Des ferries internationaux \u00e0 destination du Y\u00e9men et des principaux ports d&#8217;Afrique de l&#8217;Est sont \u00e9galement disponibles.<\/p>\t\t\t\t\t\t<\/div>\n\t\t\t\t<\/div>\n\t\t\t\t\t<\/div>\n\t\t<\/div>\n\t\t\t\t<div class=\"elementor-column elementor-col-50 elementor-top-column elementor-element elementor-element-51c49d6\" data-id=\"51c49d6\" data-element_type=\"column\">\n\t\t\t<div class=\"elementor-widget-wrap elementor-element-populated\">\n\t\t\t\t\t\t<div class=\"elementor-element elementor-element-4cdbc2f elementor-widget elementor-widget-hub_fancy_heading\" data-id=\"4cdbc2f\" data-element_type=\"widget\" data-widget_type=\"hub_fancy_heading.default\">\n\t\t\t\t<div class=\"elementor-widget-container\">\n\t\t\t\n\t\t<div id=\"ld-fancy-heading-69fa1c56209c7\" class=\"ld-fancy-heading pos-rel\">\n\t\t\t<h2 class=\"ld-fh-element d-inline-block pos-rel  elementor-heading-title lqd-highlight-classic lqd-highlight-grow-left h2\"  > Trains et bus de Djibouti<\/h2>\t\t<\/div>\n\n\t\t\t\t<\/div>\n\t\t\t\t<\/div>\n\t\t\t\t<div class=\"elementor-element elementor-element-3900090 elementor-widget elementor-widget-text-editor\" data-id=\"3900090\" data-element_type=\"widget\" data-widget_type=\"text-editor.default\">\n\t\t\t\t<div class=\"elementor-widget-container\">\n\t\t\t\t\t\t\t<p><b>Le service ferroviaire de Djibouti<\/b> \u00e9tait autrefois le principal moyen de transport vers et depuis l&#8217;\u00c9thiopie, mais les services ont cess\u00e9, laissant le pays sans syst\u00e8me ferroviaire fiable. Le meilleur moyen de se d\u00e9placer entre les villes est d&#8217;emprunter les<b> bus r\u00e9guliers<\/b> ou le<b> syst\u00e8me de minibus<\/b> local de la capitale, qui propose un tarif forfaitaire.<\/p>\t\t\t\t\t\t<\/div>\n\t\t\t\t<\/div>\n\t\t\t\t\t<\/div>\n\t\t<\/div>\n\t\t\t\t\t<\/div>\n\t\t<\/section>\n\t\t\t\t<\/div>\n\t\t","protected":false},"excerpt":{"rendered":"<p>Transport Taxis et location de voitures \u00e0 Djibouti Les taxis verts sont nombreux dans les grandes villes, notamment \u00e0 Djibouti-ville, Dikhile, Ali-Sabieh, Arta et Doral\u00e9. Ils sont surtout utilis\u00e9s pour [&hellip;]<\/p>\n","protected":false},"author":1,"featured_media":0,"parent":0,"menu_order":0,"comment_status":"closed","ping_status":"closed","template":"","meta":{"footnotes":""},"yoast_head":"<!-- This site is optimized with the Yoast SEO plugin v23.0 - https:\/\/yoast.com\/wordpress\/plugins\/seo\/ -->\n<title>Transport - ANPI<\/title>\n<meta name=\"description\" content=\"D\u00e9couvrez les infrastructures de transport de Djibouti, un pays strat\u00e9gique en Afrique de l&#039;Est, qui offre des opportunit\u00e9s significatives pour les investisseurs et les voyageurs. Le r\u00e9seau de transport bien d\u00e9velopp\u00e9 comprend le transport maritime, ferroviaire, a\u00e9rien et routier.\" \/>\n<meta name=\"robots\" content=\"index, follow, max-snippet:-1, max-image-preview:large, max-video-preview:-1\" \/>\n<link rel=\"canonical\" href=\"https:\/\/djib-invest.com\/index.php\/transport\/\" \/>\n<meta property=\"og:locale\" content=\"en_US\" \/>\n<meta property=\"og:type\" content=\"article\" \/>\n<meta property=\"og:title\" content=\"Transport - ANPI\" \/>\n<meta property=\"og:description\" content=\"D\u00e9couvrez les infrastructures de transport de Djibouti, un pays strat\u00e9gique en Afrique de l&#039;Est, qui offre des opportunit\u00e9s significatives pour les investisseurs et les voyageurs. Le r\u00e9seau de transport bien d\u00e9velopp\u00e9 comprend le transport maritime, ferroviaire, a\u00e9rien et routier.\" \/>\n<meta property=\"og:url\" content=\"https:\/\/djib-invest.com\/index.php\/transport\/\" \/>\n<meta property=\"og:site_name\" content=\"ANPI\" \/>\n<meta property=\"article:publisher\" content=\"https:\/\/www.facebook.com\/anpidj?mibextid=ZbWKwL\" \/>\n<meta property=\"article:modified_time\" content=\"2024-08-17T09:59:21+00:00\" \/>\n<meta name=\"twitter:card\" content=\"summary_large_image\" \/>\n<meta name=\"twitter:site\" content=\"@doingbusinessdj\" \/>\n<meta name=\"twitter:label1\" content=\"Est. reading time\" \/>\n\t<meta name=\"twitter:data1\" content=\"2 minutes\" \/>\n<script type=\"application\/ld+json\" class=\"yoast-schema-graph\">{\"@context\":\"https:\/\/schema.org\",\"@graph\":[{\"@type\":\"WebPage\",\"@id\":\"https:\/\/djib-invest.com\/index.php\/transport\/\",\"url\":\"https:\/\/djib-invest.com\/index.php\/transport\/\",\"name\":\"Transport - ANPI\",\"isPartOf\":{\"@id\":\"https:\/\/djib-invest.com\/#website\"},\"datePublished\":\"2024-06-05T11:46:52+00:00\",\"dateModified\":\"2024-08-17T09:59:21+00:00\",\"description\":\"D\u00e9couvrez les infrastructures de transport de Djibouti, un pays strat\u00e9gique en Afrique de l'Est, qui offre des opportunit\u00e9s significatives pour les investisseurs et les voyageurs. Le r\u00e9seau de transport bien d\u00e9velopp\u00e9 comprend le transport maritime, ferroviaire, a\u00e9rien et routier.\",\"breadcrumb\":{\"@id\":\"https:\/\/djib-invest.com\/index.php\/transport\/#breadcrumb\"},\"inLanguage\":\"en-US\",\"potentialAction\":[{\"@type\":\"ReadAction\",\"target\":[\"https:\/\/djib-invest.com\/index.php\/transport\/\"]}]},{\"@type\":\"BreadcrumbList\",\"@id\":\"https:\/\/djib-invest.com\/index.php\/transport\/#breadcrumb\",\"itemListElement\":[{\"@type\":\"ListItem\",\"position\":1,\"name\":\"Home\",\"item\":\"https:\/\/djib-invest.com\/\"},{\"@type\":\"ListItem\",\"position\":2,\"name\":\"Transport\"}]},{\"@type\":\"WebSite\",\"@id\":\"https:\/\/djib-invest.com\/#website\",\"url\":\"https:\/\/djib-invest.com\/\",\"name\":\"ANPI\",\"description\":\"\",\"publisher\":{\"@id\":\"https:\/\/djib-invest.com\/#organization\"},\"potentialAction\":[{\"@type\":\"SearchAction\",\"target\":{\"@type\":\"EntryPoint\",\"urlTemplate\":\"https:\/\/djib-invest.com\/?s={search_term_string}\"},\"query-input\":\"required name=search_term_string\"}],\"inLanguage\":\"en-US\"},{\"@type\":\"Organization\",\"@id\":\"https:\/\/djib-invest.com\/#organization\",\"name\":\"Agence Nationale de Promotion des Investissements\",\"url\":\"https:\/\/djib-invest.com\/\",\"logo\":{\"@type\":\"ImageObject\",\"inLanguage\":\"en-US\",\"@id\":\"https:\/\/djib-invest.com\/#\/schema\/logo\/image\/\",\"url\":\"https:\/\/anpi.craftnovasolutions.com\/wp-content\/uploads\/2024\/03\/anpi.png\",\"contentUrl\":\"https:\/\/anpi.craftnovasolutions.com\/wp-content\/uploads\/2024\/03\/anpi.png\",\"width\":170,\"height\":160,\"caption\":\"Agence Nationale de Promotion des Investissements\"},\"image\":{\"@id\":\"https:\/\/djib-invest.com\/#\/schema\/logo\/image\/\"},\"sameAs\":[\"https:\/\/www.facebook.com\/anpidj?mibextid=ZbWKwL\",\"https:\/\/x.com\/doingbusinessdj\"]}]}<\/script>\n<!-- \/ Yoast SEO plugin. -->","yoast_head_json":{"title":"Transport - ANPI","description":"D\u00e9couvrez les infrastructures de transport de Djibouti, un pays strat\u00e9gique en Afrique de l'Est, qui offre des opportunit\u00e9s significatives pour les investisseurs et les voyageurs. Le r\u00e9seau de transport bien d\u00e9velopp\u00e9 comprend le transport maritime, ferroviaire, a\u00e9rien et routier.","robots":{"index":"index","follow":"follow","max-snippet":"max-snippet:-1","max-image-preview":"max-image-preview:large","max-video-preview":"max-video-preview:-1"},"canonical":"https:\/\/djib-invest.com\/index.php\/transport\/","og_locale":"en_US","og_type":"article","og_title":"Transport - ANPI","og_description":"D\u00e9couvrez les infrastructures de transport de Djibouti, un pays strat\u00e9gique en Afrique de l'Est, qui offre des opportunit\u00e9s significatives pour les investisseurs et les voyageurs. Le r\u00e9seau de transport bien d\u00e9velopp\u00e9 comprend le transport maritime, ferroviaire, a\u00e9rien et routier.","og_url":"https:\/\/djib-invest.com\/index.php\/transport\/","og_site_name":"ANPI","article_publisher":"https:\/\/www.facebook.com\/anpidj?mibextid=ZbWKwL","article_modified_time":"2024-08-17T09:59:21+00:00","twitter_card":"summary_large_image","twitter_site":"@doingbusinessdj","twitter_misc":{"Est. reading time":"2 minutes"},"schema":{"@context":"https:\/\/schema.org","@graph":[{"@type":"WebPage","@id":"https:\/\/djib-invest.com\/index.php\/transport\/","url":"https:\/\/djib-invest.com\/index.php\/transport\/","name":"Transport - ANPI","isPartOf":{"@id":"https:\/\/djib-invest.com\/#website"},"datePublished":"2024-06-05T11:46:52+00:00","dateModified":"2024-08-17T09:59:21+00:00","description":"D\u00e9couvrez les infrastructures de transport de Djibouti, un pays strat\u00e9gique en Afrique de l'Est, qui offre des opportunit\u00e9s significatives pour les investisseurs et les voyageurs. Le r\u00e9seau de transport bien d\u00e9velopp\u00e9 comprend le transport maritime, ferroviaire, a\u00e9rien et routier.","breadcrumb":{"@id":"https:\/\/djib-invest.com\/index.php\/transport\/#breadcrumb"},"inLanguage":"en-US","potentialAction":[{"@type":"ReadAction","target":["https:\/\/djib-invest.com\/index.php\/transport\/"]}]},{"@type":"BreadcrumbList","@id":"https:\/\/djib-invest.com\/index.php\/transport\/#breadcrumb","itemListElement":[{"@type":"ListItem","position":1,"name":"Home","item":"https:\/\/djib-invest.com\/"},{"@type":"ListItem","position":2,"name":"Transport"}]},{"@type":"WebSite","@id":"https:\/\/djib-invest.com\/#website","url":"https:\/\/djib-invest.com\/","name":"ANPI","description":"","publisher":{"@id":"https:\/\/djib-invest.com\/#organization"},"potentialAction":[{"@type":"SearchAction","target":{"@type":"EntryPoint","urlTemplate":"https:\/\/djib-invest.com\/?s={search_term_string}"},"query-input":"required name=search_term_string"}],"inLanguage":"en-US"},{"@type":"Organization","@id":"https:\/\/djib-invest.com\/#organization","name":"Agence Nationale de Promotion des Investissements","url":"https:\/\/djib-invest.com\/","logo":{"@type":"ImageObject","inLanguage":"en-US","@id":"https:\/\/djib-invest.com\/#\/schema\/logo\/image\/","url":"https:\/\/anpi.craftnovasolutions.com\/wp-content\/uploads\/2024\/03\/anpi.png","contentUrl":"https:\/\/anpi.craftnovasolutions.com\/wp-content\/uploads\/2024\/03\/anpi.png","width":170,"height":160,"caption":"Agence Nationale de Promotion des Investissements"},"image":{"@id":"https:\/\/djib-invest.com\/#\/schema\/logo\/image\/"},"sameAs":["https:\/\/www.facebook.com\/anpidj?mibextid=ZbWKwL","https:\/\/x.com\/doingbusinessdj"]}]}},"_links":{"self":[{"href":"https:\/\/djib-invest.com\/index.php\/wp-json\/wp\/v2\/pages\/8534"}],"collection":[{"href":"https:\/\/djib-invest.com\/index.php\/wp-json\/wp\/v2\/pages"}],"about":[{"href":"https:\/\/djib-invest.com\/index.php\/wp-json\/wp\/v2\/types\/page"}],"author":[{"embeddable":true,"href":"https:\/\/djib-invest.com\/index.php\/wp-json\/wp\/v2\/users\/1"}],"replies":[{"embeddable":true,"href":"https:\/\/djib-invest.com\/index.php\/wp-json\/wp\/v2\/comments?post=8534"}],"version-history":[{"count":19,"href":"https:\/\/djib-invest.com\/index.php\/wp-json\/wp\/v2\/pages\/8534\/revisions"}],"predecessor-version":[{"id":8760,"href":"https:\/\/djib-invest.com\/index.php\/wp-json\/wp\/v2\/pages\/8534\/revisions\/8760"}],"wp:attachment":[{"href":"https:\/\/djib-invest.com\/index.php\/wp-json\/wp\/v2\/media?parent=8534"}],"curies":[{"name":"wp","href":"https:\/\/api.w.org\/{rel}","templated":true}]}}